{"id":22,"date":"2026-02-10T21:47:35","date_gmt":"2026-02-10T21:47:35","guid":{"rendered":"http:\/\/www.odwierty-bydgoszcz.eu\/index.php\/rodzaje-studni\/"},"modified":"2026-02-10T21:47:48","modified_gmt":"2026-02-10T21:47:48","slug":"rodzaje-studni","status":"publish","type":"page","link":"http:\/\/www.odwierty-bydgoszcz.eu\/index.php\/rodzaje-studni\/","title":{"rendered":"Rodzaje studni"},"content":{"rendered":"\t\t<div data-elementor-type=\"wp-page\" data-elementor-id=\"22\" class=\"elementor elementor-22\" data-elementor-post-type=\"page\">\n\t\t\t\t<div class=\"elementor-element elementor-element-6c974ee3 e-flex e-con-boxed e-con e-parent\" data-id=\"6c974ee3\" data-element_type=\"container\" data-e-type=\"container\">\n\t\t\t\t\t<div class=\"e-con-inner\">\n\t\t\t\t<div class=\"elementor-element elementor-element-7f89c6a3 elementor-widget elementor-widget-n-accordion\" data-id=\"7f89c6a3\" data-element_type=\"widget\" data-e-type=\"widget\" data-settings=\"{&quot;default_state&quot;:&quot;expanded&quot;,&quot;max_items_expended&quot;:&quot;one&quot;,&quot;n_accordion_animation_duration&quot;:{&quot;unit&quot;:&quot;ms&quot;,&quot;size&quot;:400,&quot;sizes&quot;:[]}}\" data-widget_type=\"nested-accordion.default\">\n\t\t\t\t\t\t\t<div class=\"e-n-accordion\" aria-label=\"Accordion. Open links with Enter or Space, close with Escape, and navigate with Arrow Keys\">\n\t\t\t\t\t\t<details id=\"e-n-accordion-item-2130\" class=\"e-n-accordion-item\" open>\n\t\t\t\t<summary class=\"e-n-accordion-item-title\" data-accordion-index=\"1\" tabindex=\"0\" aria-expanded=\"true\" aria-controls=\"e-n-accordion-item-2130\" >\n\t\t\t\t\t<span class='e-n-accordion-item-title-header'><div class=\"e-n-accordion-item-title-text\"> Studnie hydroforowe <\/div><\/span>\n\t\t\t\t\t\t\t<span class='e-n-accordion-item-title-icon'>\n\t\t\t<span class='e-opened' ><svg aria-hidden=\"true\" class=\"e-font-icon-svg e-fas-minus\" viewBox=\"0 0 448 512\" xmlns=\"http:\/\/www.w3.org\/2000\/svg\"><path d=\"M416 208H32c-17.67 0-32 14.33-32 32v32c0 17.67 14.33 32 32 32h384c17.67 0 32-14.33 32-32v-32c0-17.67-14.33-32-32-32z\"><\/path><\/svg><\/span>\n\t\t\t<span class='e-closed'><svg aria-hidden=\"true\" class=\"e-font-icon-svg e-fas-plus\" viewBox=\"0 0 448 512\" xmlns=\"http:\/\/www.w3.org\/2000\/svg\"><path d=\"M416 208H272V64c0-17.67-14.33-32-32-32h-32c-17.67 0-32 14.33-32 32v144H32c-17.67 0-32 14.33-32 32v32c0 17.67 14.33 32 32 32h144v144c0 17.67 14.33 32 32 32h32c17.67 0 32-14.33 32-32V304h144c17.67 0 32-14.33 32-32v-32c0-17.67-14.33-32-32-32z\"><\/path><\/svg><\/span>\n\t\t<\/span>\n\n\t\t\t\t\t\t<\/summary>\n\t\t\t\t<div role=\"region\" aria-labelledby=\"e-n-accordion-item-2130\" class=\"elementor-element elementor-element-3a20aa86 e-con-full e-flex e-con e-child\" data-id=\"3a20aa86\" data-element_type=\"container\" data-e-type=\"container\">\n\t\t\t\t<div class=\"elementor-element elementor-element-23d7c3d8 elementor-widget elementor-widget-text-editor\" data-id=\"23d7c3d8\" data-element_type=\"widget\" data-e-type=\"widget\" data-widget_type=\"text-editor.default\">\n\t\t\t\t\t\t\t\t\t<div class=\"et_pb_toggle_content clearfix\"><p>Studnia Hydroforowa lub inaczej abisynka (abisy\u0144ska) jest to studnia o \u015brednicy 32 lub 40mm dla pomp napowierzchniowych.<\/p><p>G\u0142\u00f3wne korzy\u015bci z wiercenia studni hydroforowej to jej niski koszt oraz stosunkowo du\u017ca \u017cywotno\u015b\u0107 si\u0119gaj\u0105ca \u015brednio 25 lat, ograniczeniem jest g\u0142\u0119boko\u015b\u0107 do lustra wody kt\u00f3ra w teorii nie mo\u017ce przekroczy\u0107 8m od poziomu pompy natomiast w praktyce warto\u015b\u0107 ta wynosi 6 metr\u00f3w.<\/p><p>Wydajno\u015b\u0107 takiej studni mo\u017ce si\u0119ga\u0107 nawet do 100 litr\u00f3w \/ minut\u0119 w sprzyjaj\u0105cych warunkach oraz przy zastosowaniu odpowiedniej konstrukcji filtra.<\/p><p>Studnie hydroforowe idealnie nadaj\u0105 si\u0119 do zasilania domu jednorodzinnego, dzia\u0142ek oraz nawadniania ogrodu o powierzchni do 400m2.<\/p><p>Studnie hydroforowe wykonywane przez nasz\u0105 firm\u0119 cechuj\u0105 si\u0119 du\u017c\u0105 \u017cywotno\u015bci\u0105 poprzez stosowanie filtr\u00f3w w\u0142asnej konstrukcji o zwi\u0119kszonej wydajno\u015bci oraz \u017cywotno\u015bci wykonanych z tworzywa sztucznego lub nawiercanych na rurze ocynkowanej o \u015brednicy nawet 3\u201d.<\/p><p>W swojej ofercie posiadamy r\u00f3wnie\u017c dla wymagaj\u0105cych klient\u00f3w filtry wykonane ze stali kwasoodpornej oraz mosi\u0105dzu.<\/p><p>Rekordowa \u017cywotno\u015b\u0107 studni hydroforowej wykonywanej przez nas wynosi 39 lat.<\/p><p>W sprzyjaj\u0105cych warunkach geologicznych dajemy nawet 20 lat pisemnej gwarancji.<\/p><p>Zajmujemy si\u0119 wierceniem studni g\u0142\u0119binowych oraz hydroforowych na terenie <a href=\"http:\/\/www.bydgoszcz.studnie.org\">Bydgoszczy<\/a>, <a href=\"http:\/\/www.torun.studnie.org\">Torunia<\/a>, <a href=\"http:\/\/www.gniezno.studnie.org\">Gniezna<\/a>, <a href=\"http:\/\/www.pila.studniarstwo.net\">Pi\u0142y<\/a>, Wyrzyska oraz w miejscowo\u015bciach o\u015bciennych.<\/p><\/div>\t\t\t\t\t\t\t\t<\/div>\n\t\t\t\t<\/div>\n\t\t\t\t\t<\/details>\n\t\t\t\t\t\t<details id=\"e-n-accordion-item-2131\" class=\"e-n-accordion-item\" >\n\t\t\t\t<summary class=\"e-n-accordion-item-title\" data-accordion-index=\"2\" tabindex=\"-1\" aria-expanded=\"false\" aria-controls=\"e-n-accordion-item-2131\" >\n\t\t\t\t\t<span class='e-n-accordion-item-title-header'><div class=\"e-n-accordion-item-title-text\"> Studnie g\u0142\u0119binowe <\/div><\/span>\n\t\t\t\t\t\t\t<span class='e-n-accordion-item-title-icon'>\n\t\t\t<span class='e-opened' ><svg aria-hidden=\"true\" class=\"e-font-icon-svg e-fas-minus\" viewBox=\"0 0 448 512\" xmlns=\"http:\/\/www.w3.org\/2000\/svg\"><path d=\"M416 208H32c-17.67 0-32 14.33-32 32v32c0 17.67 14.33 32 32 32h384c17.67 0 32-14.33 32-32v-32c0-17.67-14.33-32-32-32z\"><\/path><\/svg><\/span>\n\t\t\t<span class='e-closed'><svg aria-hidden=\"true\" class=\"e-font-icon-svg e-fas-plus\" viewBox=\"0 0 448 512\" xmlns=\"http:\/\/www.w3.org\/2000\/svg\"><path d=\"M416 208H272V64c0-17.67-14.33-32-32-32h-32c-17.67 0-32 14.33-32 32v144H32c-17.67 0-32 14.33-32 32v32c0 17.67 14.33 32 32 32h144v144c0 17.67 14.33 32 32 32h32c17.67 0 32-14.33 32-32V304h144c17.67 0 32-14.33 32-32v-32c0-17.67-14.33-32-32-32z\"><\/path><\/svg><\/span>\n\t\t<\/span>\n\n\t\t\t\t\t\t<\/summary>\n\t\t\t\t<div role=\"region\" aria-labelledby=\"e-n-accordion-item-2131\" class=\"elementor-element elementor-element-1f074a4 e-con-full e-flex e-con e-child\" data-id=\"1f074a4\" data-element_type=\"container\" data-e-type=\"container\">\n\t\t\t\t<div class=\"elementor-element elementor-element-63cb2552 elementor-widget elementor-widget-text-editor\" data-id=\"63cb2552\" data-element_type=\"widget\" data-e-type=\"widget\" data-widget_type=\"text-editor.default\">\n\t\t\t\t\t\t\t\t\t<div class=\"et_pb_toggle_content clearfix\"><p>Studnia g\u0142\u0119binowa jest to studnia o \u015brednicy minimum 80mm by mo\u017cna by\u0142o w \u015brodek wpu\u015bci\u0107 pomp\u0119 zatapialn\u0105.<\/p><p>Studnie takie stosuje si\u0119 w przypadku gdy warstwa wodono\u015bna znajduje si\u0119 po za zakresem pracy pompy hydroforowej (lustro wody zalega na g\u0142\u0119boko\u015bci wi\u0119kszej ni\u017c 8m od powierzchni terenu) lub gdy jest przewidywane du\u017ce zapotrzebowanie na wod\u0119 (nawadnianie ogrodu o powierzchni ponad 400m2, deszczownia, podlewanie upraw, woda u\u017cytkowana do proces\u00f3w technologicznych)<\/p><p>Przy studni g\u0142\u0119binowej wa\u017cna jest jako\u015b\u0107 wykonania czyli odpowiednio dobrana \u015brednica rur pozostawionych w odwiercie w zale\u017cno\u015bci od zapotrzebowania na wod\u0119 (przy wykonaniu studni do u\u017cytku domowego w zupe\u0142no\u015bci wystarcz\u0105 rury o \u015brednicy do 125mm dla pomp do 4\u201d natomiast przy wi\u0119kszym zapotrzebowaniu stosuje si\u0119 rury odpowiednio wi\u0119kszej \u015brednicy.)<\/p><p>Docelowo to nie rury daj\u0105 wod\u0119 tylko ziemia wi\u0119c \u015brednica rur nie ma du\u017cego wp\u0142ywu na wydajno\u015b\u0107 ko\u0144cow\u0105 studni.<\/p><p>Pr\u00f3cz odwiertu przy studni g\u0142\u0119binowej potrzebna jest zabudowa studzienna kt\u00f3ra mo\u017ce zosta\u0107 zrealizowana poprzez studzienk\u0119 z kr\u0119g\u00f3w betonowych lub z w\u0142\u00f3kna szklanego albo zamkni\u0119cie studni z \u0142\u0105czeniem poprzez zaw\u00f3r szwedzki.<\/p><p>Sama pompa g\u0142\u0119binowa nie b\u0119dzie prawid\u0142owo pracowa\u0107 bez osprz\u0119tu czyli wy\u0142\u0105cznika, zbiornika, zaworu zwrotnego etc \u2013 w zale\u017cno\u015bci od zastosowanej zabudowy mo\u017cna ca\u0142y osprz\u0119t wstawi\u0107 do wcze\u015bniej przygotowanej studzienki lub w przypadku zastosowania zaworu szwedzkiego trzeba przygotowa\u0107 miejsce na niezb\u0119dny osprz\u0119t w domu\/piwnicy\/kot\u0142owni.<\/p><p>Wa\u017cn\u0105 kwesti\u0105 je\u015bli chodzi o \u017cywotno\u015b\u0107 studni jest r\u00f3wnie\u017c metoda wykonania \u2013 studnie wykonywane w asy\u015bcie rur os\u0142onowych s\u0105 trwalszymi ni\u017c studnie wykonywane p\u0142uczk\u0105<\/p><p>Zajmujemy si\u0119 wierceniem studni g\u0142\u0119binowych na terenie Bydgoszczy, Torunia, Pi\u0142y, Gniezna, Wyrzyska i w miejscowo\u015bciach o\u015bciennych.<\/p><p>Studnie g\u0142\u0119binowe wykonywane przez nas to gwarancja bezproblemowej pracy na d\u0142ugie lata, stosujemy rury typowo studzienne o \u015brednicy 125mm, filtry w\u0142asnej konstrukcji oraz odci\u0119cie w\u00f3d powierzchniowych.<\/p><\/div>\t\t\t\t\t\t\t\t<\/div>\n\t\t\t\t<\/div>\n\t\t\t\t\t<\/details>\n\t\t\t\t\t<\/div>\n\t\t\t\t\t\t<\/div>\n\t\t\t\t\t<\/div>\n\t\t\t\t<\/div>\n\t\t\t\t<\/div>\n\t\t\n    <div class=\"xs_social_share_widget xs_share_url after_content \t\tmain_content  wslu-style-1 wslu-share-box-shaped wslu-fill-colored wslu-none wslu-share-horizontal wslu-theme-font-no wslu-main_content\">\n\n\t\t\n        <ul>\n\t\t\t        <\/ul>\n    <\/div> \n","protected":false},"excerpt":{"rendered":"<p>Studnie hydroforowe Studnia Hydroforowa lub inaczej abisynka (abisy\u0144ska) jest to studnia o \u015brednicy 32 lub 40mm dla pomp napowierzchniowych. G\u0142\u00f3wne korzy\u015bci z wiercenia studni hydroforowej to jej niski koszt oraz stosunkowo du\u017ca \u017cywotno\u015b\u0107 si\u0119gaj\u0105ca \u015brednio 25 lat, ograniczeniem jest g\u0142\u0119boko\u015b\u0107 do lustra wody kt\u00f3ra w teorii nie mo\u017ce przekroczy\u0107 8m od poziomu pompy natomiast w [&hellip;]<\/p>\n","protected":false},"author":1,"featured_media":0,"parent":0,"menu_order":0,"comment_status":"closed","ping_status":"closed","template":"","meta":{"footnotes":""},"class_list":["post-22","page","type-page","status-publish","hentry"],"yoast_head":"<!-- This site is optimized with the Yoast SEO plugin v27.6 - https:\/\/yoast.com\/product\/yoast-seo-wordpress\/ -->\n<title>Rodzaje studni - Wiercenie studni Bydgoszcz<\/title>\n<meta name=\"robots\" content=\"index, follow, max-snippet:-1, max-image-preview:large, max-video-preview:-1\" \/>\n<link rel=\"canonical\" href=\"http:\/\/www.odwierty-bydgoszcz.eu\/index.php\/rodzaje-studni\/\" \/>\n<meta property=\"og:locale\" content=\"pl_PL\" \/>\n<meta property=\"og:type\" content=\"article\" \/>\n<meta property=\"og:title\" content=\"Rodzaje studni - Wiercenie studni Bydgoszcz\" \/>\n<meta property=\"og:description\" content=\"Studnie hydroforowe Studnia Hydroforowa lub inaczej abisynka (abisy\u0144ska) jest to studnia o \u015brednicy 32 lub 40mm dla pomp napowierzchniowych. G\u0142\u00f3wne korzy\u015bci z wiercenia studni hydroforowej to jej niski koszt oraz stosunkowo du\u017ca \u017cywotno\u015b\u0107 si\u0119gaj\u0105ca \u015brednio 25 lat, ograniczeniem jest g\u0142\u0119boko\u015b\u0107 do lustra wody kt\u00f3ra w teorii nie mo\u017ce przekroczy\u0107 8m od poziomu pompy natomiast w [&hellip;]\" \/>\n<meta property=\"og:url\" content=\"http:\/\/www.odwierty-bydgoszcz.eu\/index.php\/rodzaje-studni\/\" \/>\n<meta property=\"og:site_name\" content=\"Wiercenie studni Bydgoszcz\" \/>\n<meta property=\"article:modified_time\" content=\"2026-02-10T21:47:48+00:00\" \/>\n<meta name=\"twitter:card\" content=\"summary_large_image\" \/>\n<meta name=\"twitter:label1\" content=\"Szacowany czas czytania\" \/>\n\t<meta name=\"twitter:data1\" content=\"5 minut\" \/>\n<script type=\"application\/ld+json\" class=\"yoast-schema-graph\">{\"@context\":\"https:\\\/\\\/schema.org\",\"@graph\":[{\"@type\":\"WebPage\",\"@id\":\"http:\\\/\\\/www.odwierty-bydgoszcz.eu\\\/index.php\\\/rodzaje-studni\\\/\",\"url\":\"http:\\\/\\\/www.odwierty-bydgoszcz.eu\\\/index.php\\\/rodzaje-studni\\\/\",\"name\":\"Rodzaje studni - Wiercenie studni Bydgoszcz\",\"isPartOf\":{\"@id\":\"http:\\\/\\\/www.odwierty-bydgoszcz.eu\\\/#website\"},\"datePublished\":\"2026-02-10T21:47:35+00:00\",\"dateModified\":\"2026-02-10T21:47:48+00:00\",\"breadcrumb\":{\"@id\":\"http:\\\/\\\/www.odwierty-bydgoszcz.eu\\\/index.php\\\/rodzaje-studni\\\/#breadcrumb\"},\"inLanguage\":\"pl-PL\",\"potentialAction\":[{\"@type\":\"ReadAction\",\"target\":[\"http:\\\/\\\/www.odwierty-bydgoszcz.eu\\\/index.php\\\/rodzaje-studni\\\/\"]}]},{\"@type\":\"BreadcrumbList\",\"@id\":\"http:\\\/\\\/www.odwierty-bydgoszcz.eu\\\/index.php\\\/rodzaje-studni\\\/#breadcrumb\",\"itemListElement\":[{\"@type\":\"ListItem\",\"position\":1,\"name\":\"Strona g\u0142\u00f3wna\",\"item\":\"http:\\\/\\\/www.odwierty-bydgoszcz.eu\\\/\"},{\"@type\":\"ListItem\",\"position\":2,\"name\":\"Rodzaje studni\"}]},{\"@type\":\"WebSite\",\"@id\":\"http:\\\/\\\/www.odwierty-bydgoszcz.eu\\\/#website\",\"url\":\"http:\\\/\\\/www.odwierty-bydgoszcz.eu\\\/\",\"name\":\"Wiercenie studni odwierty studniarstwo Bydgoszcz\",\"description\":\"Odwierty studnie g\u0142\u0119binowe, wiercenie studni\",\"publisher\":{\"@id\":\"http:\\\/\\\/www.odwierty-bydgoszcz.eu\\\/#organization\"},\"potentialAction\":[{\"@type\":\"SearchAction\",\"target\":{\"@type\":\"EntryPoint\",\"urlTemplate\":\"http:\\\/\\\/www.odwierty-bydgoszcz.eu\\\/?s={search_term_string}\"},\"query-input\":{\"@type\":\"PropertyValueSpecification\",\"valueRequired\":true,\"valueName\":\"search_term_string\"}}],\"inLanguage\":\"pl-PL\"},{\"@type\":\"Organization\",\"@id\":\"http:\\\/\\\/www.odwierty-bydgoszcz.eu\\\/#organization\",\"name\":\"Wiercenie studni Bydgoszcz\",\"url\":\"http:\\\/\\\/www.odwierty-bydgoszcz.eu\\\/\",\"logo\":{\"@type\":\"ImageObject\",\"inLanguage\":\"pl-PL\",\"@id\":\"http:\\\/\\\/www.odwierty-bydgoszcz.eu\\\/#\\\/schema\\\/logo\\\/image\\\/\",\"url\":\"http:\\\/\\\/www.odwierty-bydgoszcz.eu\\\/wp-content\\\/uploads\\\/2026\\\/02\\\/ODWIERTY2.webp\",\"contentUrl\":\"http:\\\/\\\/www.odwierty-bydgoszcz.eu\\\/wp-content\\\/uploads\\\/2026\\\/02\\\/ODWIERTY2.webp\",\"width\":1000,\"height\":1000,\"caption\":\"Wiercenie studni Bydgoszcz\"},\"image\":{\"@id\":\"http:\\\/\\\/www.odwierty-bydgoszcz.eu\\\/#\\\/schema\\\/logo\\\/image\\\/\"}}]}<\/script>\n<!-- \/ Yoast SEO plugin. -->","yoast_head_json":{"title":"Rodzaje studni - Wiercenie studni Bydgoszcz","robots":{"index":"index","follow":"follow","max-snippet":"max-snippet:-1","max-image-preview":"max-image-preview:large","max-video-preview":"max-video-preview:-1"},"canonical":"http:\/\/www.odwierty-bydgoszcz.eu\/index.php\/rodzaje-studni\/","og_locale":"pl_PL","og_type":"article","og_title":"Rodzaje studni - Wiercenie studni Bydgoszcz","og_description":"Studnie hydroforowe Studnia Hydroforowa lub inaczej abisynka (abisy\u0144ska) jest to studnia o \u015brednicy 32 lub 40mm dla pomp napowierzchniowych. G\u0142\u00f3wne korzy\u015bci z wiercenia studni hydroforowej to jej niski koszt oraz stosunkowo du\u017ca \u017cywotno\u015b\u0107 si\u0119gaj\u0105ca \u015brednio 25 lat, ograniczeniem jest g\u0142\u0119boko\u015b\u0107 do lustra wody kt\u00f3ra w teorii nie mo\u017ce przekroczy\u0107 8m od poziomu pompy natomiast w [&hellip;]","og_url":"http:\/\/www.odwierty-bydgoszcz.eu\/index.php\/rodzaje-studni\/","og_site_name":"Wiercenie studni Bydgoszcz","article_modified_time":"2026-02-10T21:47:48+00:00","twitter_card":"summary_large_image","twitter_misc":{"Szacowany czas czytania":"5 minut"},"schema":{"@context":"https:\/\/schema.org","@graph":[{"@type":"WebPage","@id":"http:\/\/www.odwierty-bydgoszcz.eu\/index.php\/rodzaje-studni\/","url":"http:\/\/www.odwierty-bydgoszcz.eu\/index.php\/rodzaje-studni\/","name":"Rodzaje studni - Wiercenie studni Bydgoszcz","isPartOf":{"@id":"http:\/\/www.odwierty-bydgoszcz.eu\/#website"},"datePublished":"2026-02-10T21:47:35+00:00","dateModified":"2026-02-10T21:47:48+00:00","breadcrumb":{"@id":"http:\/\/www.odwierty-bydgoszcz.eu\/index.php\/rodzaje-studni\/#breadcrumb"},"inLanguage":"pl-PL","potentialAction":[{"@type":"ReadAction","target":["http:\/\/www.odwierty-bydgoszcz.eu\/index.php\/rodzaje-studni\/"]}]},{"@type":"BreadcrumbList","@id":"http:\/\/www.odwierty-bydgoszcz.eu\/index.php\/rodzaje-studni\/#breadcrumb","itemListElement":[{"@type":"ListItem","position":1,"name":"Strona g\u0142\u00f3wna","item":"http:\/\/www.odwierty-bydgoszcz.eu\/"},{"@type":"ListItem","position":2,"name":"Rodzaje studni"}]},{"@type":"WebSite","@id":"http:\/\/www.odwierty-bydgoszcz.eu\/#website","url":"http:\/\/www.odwierty-bydgoszcz.eu\/","name":"Wiercenie studni odwierty studniarstwo Bydgoszcz","description":"Odwierty studnie g\u0142\u0119binowe, wiercenie studni","publisher":{"@id":"http:\/\/www.odwierty-bydgoszcz.eu\/#organization"},"potentialAction":[{"@type":"SearchAction","target":{"@type":"EntryPoint","urlTemplate":"http:\/\/www.odwierty-bydgoszcz.eu\/?s={search_term_string}"},"query-input":{"@type":"PropertyValueSpecification","valueRequired":true,"valueName":"search_term_string"}}],"inLanguage":"pl-PL"},{"@type":"Organization","@id":"http:\/\/www.odwierty-bydgoszcz.eu\/#organization","name":"Wiercenie studni Bydgoszcz","url":"http:\/\/www.odwierty-bydgoszcz.eu\/","logo":{"@type":"ImageObject","inLanguage":"pl-PL","@id":"http:\/\/www.odwierty-bydgoszcz.eu\/#\/schema\/logo\/image\/","url":"http:\/\/www.odwierty-bydgoszcz.eu\/wp-content\/uploads\/2026\/02\/ODWIERTY2.webp","contentUrl":"http:\/\/www.odwierty-bydgoszcz.eu\/wp-content\/uploads\/2026\/02\/ODWIERTY2.webp","width":1000,"height":1000,"caption":"Wiercenie studni Bydgoszcz"},"image":{"@id":"http:\/\/www.odwierty-bydgoszcz.eu\/#\/schema\/logo\/image\/"}}]}},"_links":{"self":[{"href":"http:\/\/www.odwierty-bydgoszcz.eu\/index.php\/wp-json\/wp\/v2\/pages\/22","targetHints":{"allow":["GET"]}}],"collection":[{"href":"http:\/\/www.odwierty-bydgoszcz.eu\/index.php\/wp-json\/wp\/v2\/pages"}],"about":[{"href":"http:\/\/www.odwierty-bydgoszcz.eu\/index.php\/wp-json\/wp\/v2\/types\/page"}],"author":[{"embeddable":true,"href":"http:\/\/www.odwierty-bydgoszcz.eu\/index.php\/wp-json\/wp\/v2\/users\/1"}],"replies":[{"embeddable":true,"href":"http:\/\/www.odwierty-bydgoszcz.eu\/index.php\/wp-json\/wp\/v2\/comments?post=22"}],"version-history":[{"count":4,"href":"http:\/\/www.odwierty-bydgoszcz.eu\/index.php\/wp-json\/wp\/v2\/pages\/22\/revisions"}],"predecessor-version":[{"id":66,"href":"http:\/\/www.odwierty-bydgoszcz.eu\/index.php\/wp-json\/wp\/v2\/pages\/22\/revisions\/66"}],"wp:attachment":[{"href":"http:\/\/www.odwierty-bydgoszcz.eu\/index.php\/wp-json\/wp\/v2\/media?parent=22"}],"curies":[{"name":"wp","href":"https:\/\/api.w.org\/{rel}","templated":true}]}}